{"id":1313,"date":"2021-05-03T08:37:14","date_gmt":"2021-05-03T06:37:14","guid":{"rendered":"https:\/\/www.vilalipa.com\/accommodations\/"},"modified":"2025-02-01T18:42:03","modified_gmt":"2025-02-01T17:42:03","slug":"sobe","status":"publish","type":"page","link":"https:\/\/www.vilalipa.com\/sl\/sobe\/","title":{"rendered":"Sobe"},"content":{"rendered":"","protected":false},"excerpt":{"rendered":"<p> [&#8230;]<\/p>\n<p><a class=\"btn btn-secondary understrap-read-more-link\" href=\"https:\/\/www.vilalipa.com\/sl\/sobe\/\">Preberi ve\u010d\u2026<\/a><\/p>\n","protected":false},"author":1,"featured_media":836,"parent":0,"menu_order":0,"comment_status":"closed","ping_status":"closed","template":"page-templates\/content-accomodations.php","meta":{"_acf_changed":false,"footnotes":""},"class_list":["post-1313","page","type-page","status-publish","has-post-thumbnail","hentry"],"acf":[],"yoast_head":"<!-- This site is optimized with the Yoast SEO plugin v27.4 - https:\/\/yoast.com\/product\/yoast-seo-wordpress\/ -->\n<title>Sobe v Vili Lipa \u2013 Ugodno bivanje blizu Blejskega jezera<\/title>\n<meta name=\"description\" content=\"Vila Lipa ponuja udobne sobe v bli\u017eini Blejskega jezera po ugodnih cenah. Idealna izbira za tiste, ki i\u0161\u010dejo spro\u0161\u010deno in cenovno dostopno bivanje.\" \/>\n<meta name=\"robots\" content=\"index, follow, max-snippet:-1, max-image-preview:large, max-video-preview:-1\" \/>\n<link rel=\"canonical\" href=\"https:\/\/www.vilalipa.com\/sl\/sobe\/\" \/>\n<meta property=\"og:locale\" content=\"sl_SI\" \/>\n<meta property=\"og:type\" content=\"article\" \/>\n<meta property=\"og:title\" content=\"Sobe | Vila Lipa | Burja Hotels Collection\" \/>\n<meta property=\"og:description\" content=\"Vila Lipa&#039;s themed rooms welcome you with their fun, inviting ambience. Experience chill-out vibes in a homely accommodation.\" \/>\n<meta property=\"og:url\" content=\"https:\/\/www.vilalipa.com\/sl\/sobe\/\" \/>\n<meta property=\"og:site_name\" content=\"Vila Lipa\" \/>\n<meta property=\"article:publisher\" content=\"https:\/\/www.facebook.com\/vilalipa\" \/>\n<meta property=\"article:modified_time\" content=\"2025-02-01T17:42:03+00:00\" \/>\n<meta property=\"og:image\" content=\"https:\/\/www.vilalipa.com\/wp-content\/uploads\/sites\/6\/2021\/05\/VILA_LIPA-ACCOMMODATION-HERO-desktop.jpg\" \/>\n\t<meta property=\"og:image:width\" content=\"2000\" \/>\n\t<meta property=\"og:image:height\" content=\"1335\" \/>\n\t<meta property=\"og:image:type\" content=\"image\/jpeg\" \/>\n<meta name=\"twitter:card\" content=\"summary_large_image\" \/>\n<meta name=\"twitter:title\" content=\"Sobe | Vila Lipa | Burja Hotels Collection\" \/>\n<meta name=\"twitter:description\" content=\"Vila Lipa&#039;s themed rooms welcome you with their fun, inviting ambience. Experience chill-out vibes in a homely accommodation.\" \/>\n<meta name=\"twitter:image\" content=\"https:\/\/www.vilalipa.com\/wp-content\/uploads\/sites\/6\/2021\/05\/VILA_LIPA-ACCOMMODATION-HERO-desktop.jpg\" \/>\n<meta name=\"twitter:label1\" content=\"Est. reading time\" \/>\n\t<meta name=\"twitter:data1\" content=\"1 minuta\" \/>\n<script type=\"application\/ld+json\" class=\"yoast-schema-graph\">{\"@context\":\"https:\\\/\\\/schema.org\",\"@graph\":[{\"@type\":\"WebPage\",\"@id\":\"https:\\\/\\\/www.vilalipa.com\\\/sl\\\/sobe\\\/\",\"url\":\"https:\\\/\\\/www.vilalipa.com\\\/sl\\\/sobe\\\/\",\"name\":\"Sobe v Vili Lipa \u2013 Ugodno bivanje blizu Blejskega jezera\",\"isPartOf\":{\"@id\":\"https:\\\/\\\/www.vilalipa.com\\\/sl\\\/#website\"},\"primaryImageOfPage\":{\"@id\":\"https:\\\/\\\/www.vilalipa.com\\\/sl\\\/sobe\\\/#primaryimage\"},\"image\":{\"@id\":\"https:\\\/\\\/www.vilalipa.com\\\/sl\\\/sobe\\\/#primaryimage\"},\"thumbnailUrl\":\"https:\\\/\\\/www.vilalipa.com\\\/wp-content\\\/uploads\\\/sites\\\/6\\\/2021\\\/05\\\/VILA_LIPA-ACCOMMODATION-HERO-desktop.jpg\",\"datePublished\":\"2021-05-03T06:37:14+00:00\",\"dateModified\":\"2025-02-01T17:42:03+00:00\",\"description\":\"Vila Lipa ponuja udobne sobe v bli\u017eini Blejskega jezera po ugodnih cenah. Idealna izbira za tiste, ki i\u0161\u010dejo spro\u0161\u010deno in cenovno dostopno bivanje.\",\"breadcrumb\":{\"@id\":\"https:\\\/\\\/www.vilalipa.com\\\/sl\\\/sobe\\\/#breadcrumb\"},\"inLanguage\":\"sl-SI\",\"potentialAction\":[{\"@type\":\"ReadAction\",\"target\":[\"https:\\\/\\\/www.vilalipa.com\\\/sl\\\/sobe\\\/\"]}]},{\"@type\":\"ImageObject\",\"inLanguage\":\"sl-SI\",\"@id\":\"https:\\\/\\\/www.vilalipa.com\\\/sl\\\/sobe\\\/#primaryimage\",\"url\":\"https:\\\/\\\/www.vilalipa.com\\\/wp-content\\\/uploads\\\/sites\\\/6\\\/2021\\\/05\\\/VILA_LIPA-ACCOMMODATION-HERO-desktop.jpg\",\"contentUrl\":\"https:\\\/\\\/www.vilalipa.com\\\/wp-content\\\/uploads\\\/sites\\\/6\\\/2021\\\/05\\\/VILA_LIPA-ACCOMMODATION-HERO-desktop.jpg\",\"width\":2000,\"height\":1335},{\"@type\":\"BreadcrumbList\",\"@id\":\"https:\\\/\\\/www.vilalipa.com\\\/sl\\\/sobe\\\/#breadcrumb\",\"itemListElement\":[{\"@type\":\"ListItem\",\"position\":1,\"name\":\"Home\",\"item\":\"https:\\\/\\\/www.vilalipa.com\\\/sl\\\/\"},{\"@type\":\"ListItem\",\"position\":2,\"name\":\"Sobe\"}]},{\"@type\":\"WebSite\",\"@id\":\"https:\\\/\\\/www.vilalipa.com\\\/sl\\\/#website\",\"url\":\"https:\\\/\\\/www.vilalipa.com\\\/sl\\\/\",\"name\":\"Vila Lipa\",\"description\":\"Vila Lipa\",\"publisher\":{\"@id\":\"https:\\\/\\\/www.vilalipa.com\\\/sl\\\/#organization\"},\"potentialAction\":[{\"@type\":\"SearchAction\",\"target\":{\"@type\":\"EntryPoint\",\"urlTemplate\":\"https:\\\/\\\/www.vilalipa.com\\\/sl\\\/?s={search_term_string}\"},\"query-input\":{\"@type\":\"PropertyValueSpecification\",\"valueRequired\":true,\"valueName\":\"search_term_string\"}}],\"inLanguage\":\"sl-SI\"},{\"@type\":\"Organization\",\"@id\":\"https:\\\/\\\/www.vilalipa.com\\\/sl\\\/#organization\",\"name\":\"Vila Lipa\",\"url\":\"https:\\\/\\\/www.vilalipa.com\\\/sl\\\/\",\"logo\":{\"@type\":\"ImageObject\",\"inLanguage\":\"sl-SI\",\"@id\":\"https:\\\/\\\/www.vilalipa.com\\\/sl\\\/#\\\/schema\\\/logo\\\/image\\\/\",\"url\":\"https:\\\/\\\/www.vilalipa.com\\\/wp-content\\\/uploads\\\/sites\\\/6\\\/2023\\\/10\\\/VILA_LIPA.jpg\",\"contentUrl\":\"https:\\\/\\\/www.vilalipa.com\\\/wp-content\\\/uploads\\\/sites\\\/6\\\/2023\\\/10\\\/VILA_LIPA.jpg\",\"width\":840,\"height\":568,\"caption\":\"Vila Lipa\"},\"image\":{\"@id\":\"https:\\\/\\\/www.vilalipa.com\\\/sl\\\/#\\\/schema\\\/logo\\\/image\\\/\"},\"sameAs\":[\"https:\\\/\\\/www.facebook.com\\\/vilalipa\",\"https:\\\/\\\/www.instagram.com\\\/vilalipa\"]}]}<\/script>\n<!-- \/ Yoast SEO plugin. -->","yoast_head_json":{"title":"Sobe v Vili Lipa \u2013 Ugodno bivanje blizu Blejskega jezera","description":"Vila Lipa ponuja udobne sobe v bli\u017eini Blejskega jezera po ugodnih cenah. Idealna izbira za tiste, ki i\u0161\u010dejo spro\u0161\u010deno in cenovno dostopno bivanje.","robots":{"index":"index","follow":"follow","max-snippet":"max-snippet:-1","max-image-preview":"max-image-preview:large","max-video-preview":"max-video-preview:-1"},"canonical":"https:\/\/www.vilalipa.com\/sl\/sobe\/","og_locale":"sl_SI","og_type":"article","og_title":"Sobe | Vila Lipa | Burja Hotels Collection","og_description":"Vila Lipa's themed rooms welcome you with their fun, inviting ambience. Experience chill-out vibes in a homely accommodation.","og_url":"https:\/\/www.vilalipa.com\/sl\/sobe\/","og_site_name":"Vila Lipa","article_publisher":"https:\/\/www.facebook.com\/vilalipa","article_modified_time":"2025-02-01T17:42:03+00:00","og_image":[{"width":2000,"height":1335,"url":"https:\/\/www.vilalipa.com\/wp-content\/uploads\/sites\/6\/2021\/05\/VILA_LIPA-ACCOMMODATION-HERO-desktop.jpg","type":"image\/jpeg"}],"twitter_card":"summary_large_image","twitter_title":"Sobe | Vila Lipa | Burja Hotels Collection","twitter_description":"Vila Lipa's themed rooms welcome you with their fun, inviting ambience. Experience chill-out vibes in a homely accommodation.","twitter_image":"https:\/\/www.vilalipa.com\/wp-content\/uploads\/sites\/6\/2021\/05\/VILA_LIPA-ACCOMMODATION-HERO-desktop.jpg","twitter_misc":{"Est. reading time":"1 minuta"},"schema":{"@context":"https:\/\/schema.org","@graph":[{"@type":"WebPage","@id":"https:\/\/www.vilalipa.com\/sl\/sobe\/","url":"https:\/\/www.vilalipa.com\/sl\/sobe\/","name":"Sobe v Vili Lipa \u2013 Ugodno bivanje blizu Blejskega jezera","isPartOf":{"@id":"https:\/\/www.vilalipa.com\/sl\/#website"},"primaryImageOfPage":{"@id":"https:\/\/www.vilalipa.com\/sl\/sobe\/#primaryimage"},"image":{"@id":"https:\/\/www.vilalipa.com\/sl\/sobe\/#primaryimage"},"thumbnailUrl":"https:\/\/www.vilalipa.com\/wp-content\/uploads\/sites\/6\/2021\/05\/VILA_LIPA-ACCOMMODATION-HERO-desktop.jpg","datePublished":"2021-05-03T06:37:14+00:00","dateModified":"2025-02-01T17:42:03+00:00","description":"Vila Lipa ponuja udobne sobe v bli\u017eini Blejskega jezera po ugodnih cenah. Idealna izbira za tiste, ki i\u0161\u010dejo spro\u0161\u010deno in cenovno dostopno bivanje.","breadcrumb":{"@id":"https:\/\/www.vilalipa.com\/sl\/sobe\/#breadcrumb"},"inLanguage":"sl-SI","potentialAction":[{"@type":"ReadAction","target":["https:\/\/www.vilalipa.com\/sl\/sobe\/"]}]},{"@type":"ImageObject","inLanguage":"sl-SI","@id":"https:\/\/www.vilalipa.com\/sl\/sobe\/#primaryimage","url":"https:\/\/www.vilalipa.com\/wp-content\/uploads\/sites\/6\/2021\/05\/VILA_LIPA-ACCOMMODATION-HERO-desktop.jpg","contentUrl":"https:\/\/www.vilalipa.com\/wp-content\/uploads\/sites\/6\/2021\/05\/VILA_LIPA-ACCOMMODATION-HERO-desktop.jpg","width":2000,"height":1335},{"@type":"BreadcrumbList","@id":"https:\/\/www.vilalipa.com\/sl\/sobe\/#breadcrumb","itemListElement":[{"@type":"ListItem","position":1,"name":"Home","item":"https:\/\/www.vilalipa.com\/sl\/"},{"@type":"ListItem","position":2,"name":"Sobe"}]},{"@type":"WebSite","@id":"https:\/\/www.vilalipa.com\/sl\/#website","url":"https:\/\/www.vilalipa.com\/sl\/","name":"Vila Lipa","description":"Vila Lipa","publisher":{"@id":"https:\/\/www.vilalipa.com\/sl\/#organization"},"potentialAction":[{"@type":"SearchAction","target":{"@type":"EntryPoint","urlTemplate":"https:\/\/www.vilalipa.com\/sl\/?s={search_term_string}"},"query-input":{"@type":"PropertyValueSpecification","valueRequired":true,"valueName":"search_term_string"}}],"inLanguage":"sl-SI"},{"@type":"Organization","@id":"https:\/\/www.vilalipa.com\/sl\/#organization","name":"Vila Lipa","url":"https:\/\/www.vilalipa.com\/sl\/","logo":{"@type":"ImageObject","inLanguage":"sl-SI","@id":"https:\/\/www.vilalipa.com\/sl\/#\/schema\/logo\/image\/","url":"https:\/\/www.vilalipa.com\/wp-content\/uploads\/sites\/6\/2023\/10\/VILA_LIPA.jpg","contentUrl":"https:\/\/www.vilalipa.com\/wp-content\/uploads\/sites\/6\/2023\/10\/VILA_LIPA.jpg","width":840,"height":568,"caption":"Vila Lipa"},"image":{"@id":"https:\/\/www.vilalipa.com\/sl\/#\/schema\/logo\/image\/"},"sameAs":["https:\/\/www.facebook.com\/vilalipa","https:\/\/www.instagram.com\/vilalipa"]}]}},"_links":{"self":[{"href":"https:\/\/www.vilalipa.com\/sl\/wp-json\/wp\/v2\/pages\/1313","targetHints":{"allow":["GET"]}}],"collection":[{"href":"https:\/\/www.vilalipa.com\/sl\/wp-json\/wp\/v2\/pages"}],"about":[{"href":"https:\/\/www.vilalipa.com\/sl\/wp-json\/wp\/v2\/types\/page"}],"author":[{"embeddable":true,"href":"https:\/\/www.vilalipa.com\/sl\/wp-json\/wp\/v2\/users\/1"}],"replies":[{"embeddable":true,"href":"https:\/\/www.vilalipa.com\/sl\/wp-json\/wp\/v2\/comments?post=1313"}],"version-history":[{"count":13,"href":"https:\/\/www.vilalipa.com\/sl\/wp-json\/wp\/v2\/pages\/1313\/revisions"}],"predecessor-version":[{"id":2588,"href":"https:\/\/www.vilalipa.com\/sl\/wp-json\/wp\/v2\/pages\/1313\/revisions\/2588"}],"wp:featuredmedia":[{"embeddable":true,"href":"https:\/\/www.vilalipa.com\/sl\/wp-json\/wp\/v2\/media\/836"}],"wp:attachment":[{"href":"https:\/\/www.vilalipa.com\/sl\/wp-json\/wp\/v2\/media?parent=1313"}],"curies":[{"name":"wp","href":"https:\/\/api.w.org\/{rel}","templated":true}]}}