{"id":1317,"date":"2021-05-03T08:37:44","date_gmt":"2021-05-03T06:37:44","guid":{"rendered":"https:\/\/www.vilalipa.com\/covid-19\/"},"modified":"2023-10-28T19:15:52","modified_gmt":"2023-10-28T17:15:52","slug":"covid-19-situacija-v-sloveniji","status":"publish","type":"page","link":"https:\/\/www.vilalipa.com\/sl\/covid-19-situacija-v-sloveniji\/","title":{"rendered":"Covid-19"},"content":{"rendered":"","protected":false},"excerpt":{"rendered":"<p> [&#8230;]<\/p>\n<p><a class=\"btn btn-secondary understrap-read-more-link\" href=\"https:\/\/www.vilalipa.com\/sl\/covid-19-situacija-v-sloveniji\/\">Preberi ve\u010d\u2026<\/a><\/p>\n","protected":false},"author":1,"featured_media":1534,"parent":0,"menu_order":0,"comment_status":"closed","ping_status":"closed","template":"page-templates\/content-general-page.php","meta":{"_acf_changed":false,"footnotes":""},"class_list":["post-1317","page","type-page","status-publish","has-post-thumbnail","hentry"],"acf":[],"yoast_head":"<!-- This site is optimized with the Yoast SEO plugin v27.1.1 - https:\/\/yoast.com\/product\/yoast-seo-wordpress\/ -->\n<title>Covid-19 ukrepi v Vila Lipa, Bled | Burja Hotels<\/title>\n<meta name=\"description\" content=\"Ker se Covid-19 situacija v Sloveniji \u0161e naprej spreminja, vam \u017eelimo zagotoviti, da va\u0161a zdravje in varnost ostajata na\u0161i glavni prioriteti.\" \/>\n<meta name=\"robots\" content=\"index, follow, max-snippet:-1, max-image-preview:large, max-video-preview:-1\" \/>\n<link rel=\"canonical\" href=\"https:\/\/www.vilalipa.com\/sl\/covid-19-situacija-v-sloveniji\/\" \/>\n<meta property=\"og:locale\" content=\"sl_SI\" \/>\n<meta property=\"og:type\" content=\"article\" \/>\n<meta property=\"og:title\" content=\"Covid-19 ukrepi v Vila Lipa, Bled | Burja Hotels\" \/>\n<meta property=\"og:description\" content=\"Ker se Covid-19 situacija v Sloveniji \u0161e naprej spreminja, vam \u017eelimo zagotoviti, da va\u0161a zdravje in varnost ostajata na\u0161i glavni prioriteti.\" \/>\n<meta property=\"og:url\" content=\"https:\/\/www.vilalipa.com\/sl\/covid-19-situacija-v-sloveniji\/\" \/>\n<meta property=\"og:site_name\" content=\"Vila Lipa\" \/>\n<meta property=\"article:publisher\" content=\"https:\/\/www.facebook.com\/vilalipa\" \/>\n<meta property=\"article:modified_time\" content=\"2023-10-28T17:15:52+00:00\" \/>\n<meta property=\"og:image\" content=\"https:\/\/www.vilalipa.com\/wp-content\/uploads\/sites\/6\/2022\/10\/WEB-VILA_LIPA-COVID-HERO_DESKTOP-01.jpg\" \/>\n\t<meta property=\"og:image:width\" content=\"2000\" \/>\n\t<meta property=\"og:image:height\" content=\"1000\" \/>\n\t<meta property=\"og:image:type\" content=\"image\/jpeg\" \/>\n<meta name=\"twitter:card\" content=\"summary_large_image\" \/>\n<script type=\"application\/ld+json\" class=\"yoast-schema-graph\">{\"@context\":\"https:\/\/schema.org\",\"@graph\":[{\"@type\":\"WebPage\",\"@id\":\"https:\/\/www.vilalipa.com\/sl\/covid-19-situacija-v-sloveniji\/\",\"url\":\"https:\/\/www.vilalipa.com\/sl\/covid-19-situacija-v-sloveniji\/\",\"name\":\"Covid-19 ukrepi v Vila Lipa, Bled | Burja Hotels\",\"isPartOf\":{\"@id\":\"https:\/\/www.vilalipa.com\/sl\/#website\"},\"primaryImageOfPage\":{\"@id\":\"https:\/\/www.vilalipa.com\/sl\/covid-19-situacija-v-sloveniji\/#primaryimage\"},\"image\":{\"@id\":\"https:\/\/www.vilalipa.com\/sl\/covid-19-situacija-v-sloveniji\/#primaryimage\"},\"thumbnailUrl\":\"https:\/\/www.vilalipa.com\/wp-content\/uploads\/sites\/6\/2022\/10\/WEB-VILA_LIPA-COVID-HERO_DESKTOP-01.jpg\",\"datePublished\":\"2021-05-03T06:37:44+00:00\",\"dateModified\":\"2023-10-28T17:15:52+00:00\",\"description\":\"Ker se Covid-19 situacija v Sloveniji \u0161e naprej spreminja, vam \u017eelimo zagotoviti, da va\u0161a zdravje in varnost ostajata na\u0161i glavni prioriteti.\",\"breadcrumb\":{\"@id\":\"https:\/\/www.vilalipa.com\/sl\/covid-19-situacija-v-sloveniji\/#breadcrumb\"},\"inLanguage\":\"sl-SI\",\"potentialAction\":[{\"@type\":\"ReadAction\",\"target\":[\"https:\/\/www.vilalipa.com\/sl\/covid-19-situacija-v-sloveniji\/\"]}]},{\"@type\":\"ImageObject\",\"inLanguage\":\"sl-SI\",\"@id\":\"https:\/\/www.vilalipa.com\/sl\/covid-19-situacija-v-sloveniji\/#primaryimage\",\"url\":\"https:\/\/www.vilalipa.com\/wp-content\/uploads\/sites\/6\/2022\/10\/WEB-VILA_LIPA-COVID-HERO_DESKTOP-01.jpg\",\"contentUrl\":\"https:\/\/www.vilalipa.com\/wp-content\/uploads\/sites\/6\/2022\/10\/WEB-VILA_LIPA-COVID-HERO_DESKTOP-01.jpg\",\"width\":2000,\"height\":1000},{\"@type\":\"BreadcrumbList\",\"@id\":\"https:\/\/www.vilalipa.com\/sl\/covid-19-situacija-v-sloveniji\/#breadcrumb\",\"itemListElement\":[{\"@type\":\"ListItem\",\"position\":1,\"name\":\"Home\",\"item\":\"https:\/\/www.vilalipa.com\/sl\/\"},{\"@type\":\"ListItem\",\"position\":2,\"name\":\"Covid-19\"}]},{\"@type\":\"WebSite\",\"@id\":\"https:\/\/www.vilalipa.com\/sl\/#website\",\"url\":\"https:\/\/www.vilalipa.com\/sl\/\",\"name\":\"Vila Lipa\",\"description\":\"Vila Lipa\",\"publisher\":{\"@id\":\"https:\/\/www.vilalipa.com\/sl\/#organization\"},\"potentialAction\":[{\"@type\":\"SearchAction\",\"target\":{\"@type\":\"EntryPoint\",\"urlTemplate\":\"https:\/\/www.vilalipa.com\/sl\/?s={search_term_string}\"},\"query-input\":{\"@type\":\"PropertyValueSpecification\",\"valueRequired\":true,\"valueName\":\"search_term_string\"}}],\"inLanguage\":\"sl-SI\"},{\"@type\":\"Organization\",\"@id\":\"https:\/\/www.vilalipa.com\/sl\/#organization\",\"name\":\"Vila Lipa\",\"url\":\"https:\/\/www.vilalipa.com\/sl\/\",\"logo\":{\"@type\":\"ImageObject\",\"inLanguage\":\"sl-SI\",\"@id\":\"https:\/\/www.vilalipa.com\/sl\/#\/schema\/logo\/image\/\",\"url\":\"https:\/\/www.vilalipa.com\/wp-content\/uploads\/sites\/6\/2023\/10\/VILA_LIPA.jpg\",\"contentUrl\":\"https:\/\/www.vilalipa.com\/wp-content\/uploads\/sites\/6\/2023\/10\/VILA_LIPA.jpg\",\"width\":840,\"height\":568,\"caption\":\"Vila Lipa\"},\"image\":{\"@id\":\"https:\/\/www.vilalipa.com\/sl\/#\/schema\/logo\/image\/\"},\"sameAs\":[\"https:\/\/www.facebook.com\/vilalipa\",\"https:\/\/www.instagram.com\/vilalipa\"]}]}<\/script>\n<!-- \/ Yoast SEO plugin. -->","yoast_head_json":{"title":"Covid-19 ukrepi v Vila Lipa, Bled | Burja Hotels","description":"Ker se Covid-19 situacija v Sloveniji \u0161e naprej spreminja, vam \u017eelimo zagotoviti, da va\u0161a zdravje in varnost ostajata na\u0161i glavni prioriteti.","robots":{"index":"index","follow":"follow","max-snippet":"max-snippet:-1","max-image-preview":"max-image-preview:large","max-video-preview":"max-video-preview:-1"},"canonical":"https:\/\/www.vilalipa.com\/sl\/covid-19-situacija-v-sloveniji\/","og_locale":"sl_SI","og_type":"article","og_title":"Covid-19 ukrepi v Vila Lipa, Bled | Burja Hotels","og_description":"Ker se Covid-19 situacija v Sloveniji \u0161e naprej spreminja, vam \u017eelimo zagotoviti, da va\u0161a zdravje in varnost ostajata na\u0161i glavni prioriteti.","og_url":"https:\/\/www.vilalipa.com\/sl\/covid-19-situacija-v-sloveniji\/","og_site_name":"Vila Lipa","article_publisher":"https:\/\/www.facebook.com\/vilalipa","article_modified_time":"2023-10-28T17:15:52+00:00","og_image":[{"width":2000,"height":1000,"url":"https:\/\/www.vilalipa.com\/wp-content\/uploads\/sites\/6\/2022\/10\/WEB-VILA_LIPA-COVID-HERO_DESKTOP-01.jpg","type":"image\/jpeg"}],"twitter_card":"summary_large_image","schema":{"@context":"https:\/\/schema.org","@graph":[{"@type":"WebPage","@id":"https:\/\/www.vilalipa.com\/sl\/covid-19-situacija-v-sloveniji\/","url":"https:\/\/www.vilalipa.com\/sl\/covid-19-situacija-v-sloveniji\/","name":"Covid-19 ukrepi v Vila Lipa, Bled | Burja Hotels","isPartOf":{"@id":"https:\/\/www.vilalipa.com\/sl\/#website"},"primaryImageOfPage":{"@id":"https:\/\/www.vilalipa.com\/sl\/covid-19-situacija-v-sloveniji\/#primaryimage"},"image":{"@id":"https:\/\/www.vilalipa.com\/sl\/covid-19-situacija-v-sloveniji\/#primaryimage"},"thumbnailUrl":"https:\/\/www.vilalipa.com\/wp-content\/uploads\/sites\/6\/2022\/10\/WEB-VILA_LIPA-COVID-HERO_DESKTOP-01.jpg","datePublished":"2021-05-03T06:37:44+00:00","dateModified":"2023-10-28T17:15:52+00:00","description":"Ker se Covid-19 situacija v Sloveniji \u0161e naprej spreminja, vam \u017eelimo zagotoviti, da va\u0161a zdravje in varnost ostajata na\u0161i glavni prioriteti.","breadcrumb":{"@id":"https:\/\/www.vilalipa.com\/sl\/covid-19-situacija-v-sloveniji\/#breadcrumb"},"inLanguage":"sl-SI","potentialAction":[{"@type":"ReadAction","target":["https:\/\/www.vilalipa.com\/sl\/covid-19-situacija-v-sloveniji\/"]}]},{"@type":"ImageObject","inLanguage":"sl-SI","@id":"https:\/\/www.vilalipa.com\/sl\/covid-19-situacija-v-sloveniji\/#primaryimage","url":"https:\/\/www.vilalipa.com\/wp-content\/uploads\/sites\/6\/2022\/10\/WEB-VILA_LIPA-COVID-HERO_DESKTOP-01.jpg","contentUrl":"https:\/\/www.vilalipa.com\/wp-content\/uploads\/sites\/6\/2022\/10\/WEB-VILA_LIPA-COVID-HERO_DESKTOP-01.jpg","width":2000,"height":1000},{"@type":"BreadcrumbList","@id":"https:\/\/www.vilalipa.com\/sl\/covid-19-situacija-v-sloveniji\/#breadcrumb","itemListElement":[{"@type":"ListItem","position":1,"name":"Home","item":"https:\/\/www.vilalipa.com\/sl\/"},{"@type":"ListItem","position":2,"name":"Covid-19"}]},{"@type":"WebSite","@id":"https:\/\/www.vilalipa.com\/sl\/#website","url":"https:\/\/www.vilalipa.com\/sl\/","name":"Vila Lipa","description":"Vila Lipa","publisher":{"@id":"https:\/\/www.vilalipa.com\/sl\/#organization"},"potentialAction":[{"@type":"SearchAction","target":{"@type":"EntryPoint","urlTemplate":"https:\/\/www.vilalipa.com\/sl\/?s={search_term_string}"},"query-input":{"@type":"PropertyValueSpecification","valueRequired":true,"valueName":"search_term_string"}}],"inLanguage":"sl-SI"},{"@type":"Organization","@id":"https:\/\/www.vilalipa.com\/sl\/#organization","name":"Vila Lipa","url":"https:\/\/www.vilalipa.com\/sl\/","logo":{"@type":"ImageObject","inLanguage":"sl-SI","@id":"https:\/\/www.vilalipa.com\/sl\/#\/schema\/logo\/image\/","url":"https:\/\/www.vilalipa.com\/wp-content\/uploads\/sites\/6\/2023\/10\/VILA_LIPA.jpg","contentUrl":"https:\/\/www.vilalipa.com\/wp-content\/uploads\/sites\/6\/2023\/10\/VILA_LIPA.jpg","width":840,"height":568,"caption":"Vila Lipa"},"image":{"@id":"https:\/\/www.vilalipa.com\/sl\/#\/schema\/logo\/image\/"},"sameAs":["https:\/\/www.facebook.com\/vilalipa","https:\/\/www.instagram.com\/vilalipa"]}]}},"_links":{"self":[{"href":"https:\/\/www.vilalipa.com\/sl\/wp-json\/wp\/v2\/pages\/1317","targetHints":{"allow":["GET"]}}],"collection":[{"href":"https:\/\/www.vilalipa.com\/sl\/wp-json\/wp\/v2\/pages"}],"about":[{"href":"https:\/\/www.vilalipa.com\/sl\/wp-json\/wp\/v2\/types\/page"}],"author":[{"embeddable":true,"href":"https:\/\/www.vilalipa.com\/sl\/wp-json\/wp\/v2\/users\/1"}],"replies":[{"embeddable":true,"href":"https:\/\/www.vilalipa.com\/sl\/wp-json\/wp\/v2\/comments?post=1317"}],"version-history":[{"count":4,"href":"https:\/\/www.vilalipa.com\/sl\/wp-json\/wp\/v2\/pages\/1317\/revisions"}],"predecessor-version":[{"id":1540,"href":"https:\/\/www.vilalipa.com\/sl\/wp-json\/wp\/v2\/pages\/1317\/revisions\/1540"}],"wp:featuredmedia":[{"embeddable":true,"href":"https:\/\/www.vilalipa.com\/sl\/wp-json\/wp\/v2\/media\/1534"}],"wp:attachment":[{"href":"https:\/\/www.vilalipa.com\/sl\/wp-json\/wp\/v2\/media?parent=1317"}],"curies":[{"name":"wp","href":"https:\/\/api.w.org\/{rel}","templated":true}]}}