{"id":1329,"date":"2021-05-03T08:41:01","date_gmt":"2021-05-03T06:41:01","guid":{"rendered":"https:\/\/www.vilalipa.com\/our-properties\/"},"modified":"2025-02-01T18:47:47","modified_gmt":"2025-02-01T17:47:47","slug":"burja-hoteli","status":"publish","type":"page","link":"https:\/\/www.vilalipa.com\/sl\/burja-hoteli\/","title":{"rendered":"Burja Hoteli"},"content":{"rendered":"","protected":false},"excerpt":{"rendered":"<p> [&#8230;]<\/p>\n<p><a class=\"btn btn-secondary understrap-read-more-link\" href=\"https:\/\/www.vilalipa.com\/sl\/burja-hoteli\/\">Preberi ve\u010d\u2026<\/a><\/p>\n","protected":false},"author":1,"featured_media":1505,"parent":0,"menu_order":0,"comment_status":"closed","ping_status":"closed","template":"page-templates\/content-our-properties.php","meta":{"_acf_changed":false,"footnotes":""},"class_list":["post-1329","page","type-page","status-publish","has-post-thumbnail","hentry"],"acf":[],"yoast_head":"<!-- This site is optimized with the Yoast SEO plugin v27.1.1 - https:\/\/yoast.com\/product\/yoast-seo-wordpress\/ -->\n<title>Burja Hoteli \u2013 Bivajte, razi\u0161\u010dite, do\u017eivite Slovenijo | Vila Lipa<\/title>\n<meta name=\"description\" content=\"Odkrijte Slovenijo z Burja Hoteli. Bivajte v prijetnih sobah, ki ponujajo udobje, zna\u010daj in popolno izhodi\u0161\u010de za raziskovanje Bleda in okolice.\" \/>\n<meta name=\"robots\" content=\"index, follow, max-snippet:-1, max-image-preview:large, max-video-preview:-1\" \/>\n<link rel=\"canonical\" href=\"https:\/\/www.vilalipa.com\/sl\/burja-hoteli\/\" \/>\n<meta property=\"og:locale\" content=\"sl_SI\" \/>\n<meta property=\"og:type\" content=\"article\" \/>\n<meta property=\"og:title\" content=\"Burja Hoteli \u2013 Bivajte, razi\u0161\u010dite, do\u017eivite Slovenijo | Vila Lipa\" \/>\n<meta property=\"og:description\" content=\"Odkrijte Slovenijo z Burja Hoteli. Bivajte v prijetnih sobah, ki ponujajo udobje, zna\u010daj in popolno izhodi\u0161\u010de za raziskovanje Bleda in okolice.\" \/>\n<meta property=\"og:url\" content=\"https:\/\/www.vilalipa.com\/sl\/burja-hoteli\/\" \/>\n<meta property=\"og:site_name\" content=\"Vila Lipa\" \/>\n<meta property=\"article:publisher\" content=\"https:\/\/www.facebook.com\/vilalipa\" \/>\n<meta property=\"article:modified_time\" content=\"2025-02-01T17:47:47+00:00\" \/>\n<meta property=\"og:image\" content=\"https:\/\/www.vilalipa.com\/wp-content\/uploads\/sites\/6\/2022\/10\/WEB-VILA_LIPA-BURJA_PROPERTIES-HERO_DESKTOP-01.jpg\" \/>\n\t<meta property=\"og:image:width\" content=\"2000\" \/>\n\t<meta property=\"og:image:height\" content=\"1000\" \/>\n\t<meta property=\"og:image:type\" content=\"image\/jpeg\" \/>\n<meta name=\"twitter:card\" content=\"summary_large_image\" \/>\n<meta name=\"twitter:label1\" content=\"Est. reading time\" \/>\n\t<meta name=\"twitter:data1\" content=\"1 minuta\" \/>\n<script type=\"application\/ld+json\" class=\"yoast-schema-graph\">{\"@context\":\"https:\/\/schema.org\",\"@graph\":[{\"@type\":\"WebPage\",\"@id\":\"https:\/\/www.vilalipa.com\/sl\/burja-hoteli\/\",\"url\":\"https:\/\/www.vilalipa.com\/sl\/burja-hoteli\/\",\"name\":\"Burja Hoteli \u2013 Bivajte, razi\u0161\u010dite, do\u017eivite Slovenijo | Vila Lipa\",\"isPartOf\":{\"@id\":\"https:\/\/www.vilalipa.com\/sl\/#website\"},\"primaryImageOfPage\":{\"@id\":\"https:\/\/www.vilalipa.com\/sl\/burja-hoteli\/#primaryimage\"},\"image\":{\"@id\":\"https:\/\/www.vilalipa.com\/sl\/burja-hoteli\/#primaryimage\"},\"thumbnailUrl\":\"https:\/\/www.vilalipa.com\/wp-content\/uploads\/sites\/6\/2022\/10\/WEB-VILA_LIPA-BURJA_PROPERTIES-HERO_DESKTOP-01.jpg\",\"datePublished\":\"2021-05-03T06:41:01+00:00\",\"dateModified\":\"2025-02-01T17:47:47+00:00\",\"description\":\"Odkrijte Slovenijo z Burja Hoteli. Bivajte v prijetnih sobah, ki ponujajo udobje, zna\u010daj in popolno izhodi\u0161\u010de za raziskovanje Bleda in okolice.\",\"breadcrumb\":{\"@id\":\"https:\/\/www.vilalipa.com\/sl\/burja-hoteli\/#breadcrumb\"},\"inLanguage\":\"sl-SI\",\"potentialAction\":[{\"@type\":\"ReadAction\",\"target\":[\"https:\/\/www.vilalipa.com\/sl\/burja-hoteli\/\"]}]},{\"@type\":\"ImageObject\",\"inLanguage\":\"sl-SI\",\"@id\":\"https:\/\/www.vilalipa.com\/sl\/burja-hoteli\/#primaryimage\",\"url\":\"https:\/\/www.vilalipa.com\/wp-content\/uploads\/sites\/6\/2022\/10\/WEB-VILA_LIPA-BURJA_PROPERTIES-HERO_DESKTOP-01.jpg\",\"contentUrl\":\"https:\/\/www.vilalipa.com\/wp-content\/uploads\/sites\/6\/2022\/10\/WEB-VILA_LIPA-BURJA_PROPERTIES-HERO_DESKTOP-01.jpg\",\"width\":2000,\"height\":1000},{\"@type\":\"BreadcrumbList\",\"@id\":\"https:\/\/www.vilalipa.com\/sl\/burja-hoteli\/#breadcrumb\",\"itemListElement\":[{\"@type\":\"ListItem\",\"position\":1,\"name\":\"Home\",\"item\":\"https:\/\/www.vilalipa.com\/sl\/\"},{\"@type\":\"ListItem\",\"position\":2,\"name\":\"Burja Hoteli\"}]},{\"@type\":\"WebSite\",\"@id\":\"https:\/\/www.vilalipa.com\/sl\/#website\",\"url\":\"https:\/\/www.vilalipa.com\/sl\/\",\"name\":\"Vila Lipa\",\"description\":\"Vila Lipa\",\"publisher\":{\"@id\":\"https:\/\/www.vilalipa.com\/sl\/#organization\"},\"potentialAction\":[{\"@type\":\"SearchAction\",\"target\":{\"@type\":\"EntryPoint\",\"urlTemplate\":\"https:\/\/www.vilalipa.com\/sl\/?s={search_term_string}\"},\"query-input\":{\"@type\":\"PropertyValueSpecification\",\"valueRequired\":true,\"valueName\":\"search_term_string\"}}],\"inLanguage\":\"sl-SI\"},{\"@type\":\"Organization\",\"@id\":\"https:\/\/www.vilalipa.com\/sl\/#organization\",\"name\":\"Vila Lipa\",\"url\":\"https:\/\/www.vilalipa.com\/sl\/\",\"logo\":{\"@type\":\"ImageObject\",\"inLanguage\":\"sl-SI\",\"@id\":\"https:\/\/www.vilalipa.com\/sl\/#\/schema\/logo\/image\/\",\"url\":\"https:\/\/www.vilalipa.com\/wp-content\/uploads\/sites\/6\/2023\/10\/VILA_LIPA.jpg\",\"contentUrl\":\"https:\/\/www.vilalipa.com\/wp-content\/uploads\/sites\/6\/2023\/10\/VILA_LIPA.jpg\",\"width\":840,\"height\":568,\"caption\":\"Vila Lipa\"},\"image\":{\"@id\":\"https:\/\/www.vilalipa.com\/sl\/#\/schema\/logo\/image\/\"},\"sameAs\":[\"https:\/\/www.facebook.com\/vilalipa\",\"https:\/\/www.instagram.com\/vilalipa\"]}]}<\/script>\n<!-- \/ Yoast SEO plugin. -->","yoast_head_json":{"title":"Burja Hoteli \u2013 Bivajte, razi\u0161\u010dite, do\u017eivite Slovenijo | Vila Lipa","description":"Odkrijte Slovenijo z Burja Hoteli. Bivajte v prijetnih sobah, ki ponujajo udobje, zna\u010daj in popolno izhodi\u0161\u010de za raziskovanje Bleda in okolice.","robots":{"index":"index","follow":"follow","max-snippet":"max-snippet:-1","max-image-preview":"max-image-preview:large","max-video-preview":"max-video-preview:-1"},"canonical":"https:\/\/www.vilalipa.com\/sl\/burja-hoteli\/","og_locale":"sl_SI","og_type":"article","og_title":"Burja Hoteli \u2013 Bivajte, razi\u0161\u010dite, do\u017eivite Slovenijo | Vila Lipa","og_description":"Odkrijte Slovenijo z Burja Hoteli. Bivajte v prijetnih sobah, ki ponujajo udobje, zna\u010daj in popolno izhodi\u0161\u010de za raziskovanje Bleda in okolice.","og_url":"https:\/\/www.vilalipa.com\/sl\/burja-hoteli\/","og_site_name":"Vila Lipa","article_publisher":"https:\/\/www.facebook.com\/vilalipa","article_modified_time":"2025-02-01T17:47:47+00:00","og_image":[{"width":2000,"height":1000,"url":"https:\/\/www.vilalipa.com\/wp-content\/uploads\/sites\/6\/2022\/10\/WEB-VILA_LIPA-BURJA_PROPERTIES-HERO_DESKTOP-01.jpg","type":"image\/jpeg"}],"twitter_card":"summary_large_image","twitter_misc":{"Est. reading time":"1 minuta"},"schema":{"@context":"https:\/\/schema.org","@graph":[{"@type":"WebPage","@id":"https:\/\/www.vilalipa.com\/sl\/burja-hoteli\/","url":"https:\/\/www.vilalipa.com\/sl\/burja-hoteli\/","name":"Burja Hoteli \u2013 Bivajte, razi\u0161\u010dite, do\u017eivite Slovenijo | Vila Lipa","isPartOf":{"@id":"https:\/\/www.vilalipa.com\/sl\/#website"},"primaryImageOfPage":{"@id":"https:\/\/www.vilalipa.com\/sl\/burja-hoteli\/#primaryimage"},"image":{"@id":"https:\/\/www.vilalipa.com\/sl\/burja-hoteli\/#primaryimage"},"thumbnailUrl":"https:\/\/www.vilalipa.com\/wp-content\/uploads\/sites\/6\/2022\/10\/WEB-VILA_LIPA-BURJA_PROPERTIES-HERO_DESKTOP-01.jpg","datePublished":"2021-05-03T06:41:01+00:00","dateModified":"2025-02-01T17:47:47+00:00","description":"Odkrijte Slovenijo z Burja Hoteli. Bivajte v prijetnih sobah, ki ponujajo udobje, zna\u010daj in popolno izhodi\u0161\u010de za raziskovanje Bleda in okolice.","breadcrumb":{"@id":"https:\/\/www.vilalipa.com\/sl\/burja-hoteli\/#breadcrumb"},"inLanguage":"sl-SI","potentialAction":[{"@type":"ReadAction","target":["https:\/\/www.vilalipa.com\/sl\/burja-hoteli\/"]}]},{"@type":"ImageObject","inLanguage":"sl-SI","@id":"https:\/\/www.vilalipa.com\/sl\/burja-hoteli\/#primaryimage","url":"https:\/\/www.vilalipa.com\/wp-content\/uploads\/sites\/6\/2022\/10\/WEB-VILA_LIPA-BURJA_PROPERTIES-HERO_DESKTOP-01.jpg","contentUrl":"https:\/\/www.vilalipa.com\/wp-content\/uploads\/sites\/6\/2022\/10\/WEB-VILA_LIPA-BURJA_PROPERTIES-HERO_DESKTOP-01.jpg","width":2000,"height":1000},{"@type":"BreadcrumbList","@id":"https:\/\/www.vilalipa.com\/sl\/burja-hoteli\/#breadcrumb","itemListElement":[{"@type":"ListItem","position":1,"name":"Home","item":"https:\/\/www.vilalipa.com\/sl\/"},{"@type":"ListItem","position":2,"name":"Burja Hoteli"}]},{"@type":"WebSite","@id":"https:\/\/www.vilalipa.com\/sl\/#website","url":"https:\/\/www.vilalipa.com\/sl\/","name":"Vila Lipa","description":"Vila Lipa","publisher":{"@id":"https:\/\/www.vilalipa.com\/sl\/#organization"},"potentialAction":[{"@type":"SearchAction","target":{"@type":"EntryPoint","urlTemplate":"https:\/\/www.vilalipa.com\/sl\/?s={search_term_string}"},"query-input":{"@type":"PropertyValueSpecification","valueRequired":true,"valueName":"search_term_string"}}],"inLanguage":"sl-SI"},{"@type":"Organization","@id":"https:\/\/www.vilalipa.com\/sl\/#organization","name":"Vila Lipa","url":"https:\/\/www.vilalipa.com\/sl\/","logo":{"@type":"ImageObject","inLanguage":"sl-SI","@id":"https:\/\/www.vilalipa.com\/sl\/#\/schema\/logo\/image\/","url":"https:\/\/www.vilalipa.com\/wp-content\/uploads\/sites\/6\/2023\/10\/VILA_LIPA.jpg","contentUrl":"https:\/\/www.vilalipa.com\/wp-content\/uploads\/sites\/6\/2023\/10\/VILA_LIPA.jpg","width":840,"height":568,"caption":"Vila Lipa"},"image":{"@id":"https:\/\/www.vilalipa.com\/sl\/#\/schema\/logo\/image\/"},"sameAs":["https:\/\/www.facebook.com\/vilalipa","https:\/\/www.instagram.com\/vilalipa"]}]}},"_links":{"self":[{"href":"https:\/\/www.vilalipa.com\/sl\/wp-json\/wp\/v2\/pages\/1329","targetHints":{"allow":["GET"]}}],"collection":[{"href":"https:\/\/www.vilalipa.com\/sl\/wp-json\/wp\/v2\/pages"}],"about":[{"href":"https:\/\/www.vilalipa.com\/sl\/wp-json\/wp\/v2\/types\/page"}],"author":[{"embeddable":true,"href":"https:\/\/www.vilalipa.com\/sl\/wp-json\/wp\/v2\/users\/1"}],"replies":[{"embeddable":true,"href":"https:\/\/www.vilalipa.com\/sl\/wp-json\/wp\/v2\/comments?post=1329"}],"version-history":[{"count":6,"href":"https:\/\/www.vilalipa.com\/sl\/wp-json\/wp\/v2\/pages\/1329\/revisions"}],"predecessor-version":[{"id":2590,"href":"https:\/\/www.vilalipa.com\/sl\/wp-json\/wp\/v2\/pages\/1329\/revisions\/2590"}],"wp:featuredmedia":[{"embeddable":true,"href":"https:\/\/www.vilalipa.com\/sl\/wp-json\/wp\/v2\/media\/1505"}],"wp:attachment":[{"href":"https:\/\/www.vilalipa.com\/sl\/wp-json\/wp\/v2\/media?parent=1329"}],"curies":[{"name":"wp","href":"https:\/\/api.w.org\/{rel}","templated":true}]}}